{"id":3,"date":"2024-04-08T13:19:10","date_gmt":"2024-04-08T13:19:10","guid":{"rendered":"https:\/\/wdfoundation.workdigital.dk\/?page_id=3"},"modified":"2026-04-03T07:55:50","modified_gmt":"2026-04-03T05:55:50","slug":"privacy-policy","status":"publish","type":"page","link":"https:\/\/envyyachting.com\/en\/privacy-policy\/","title":{"rendered":"Privacy policy"},"content":{"rendered":"\n<div style=\"--custom-margin-left: 100px;\" class=\"wp-block-group wdf-width wdf-width--full is-vertical is-layout-flex wp-container-core-group-is-layout-8cf370e7 wp-block-group-is-layout-flex\">\n<h3 class=\"wp-block-heading has-text-align-left\">Denne hjemmeside er ejet af:<\/h3>\n\n\n\n<p>Envy Yachting<br>CVR: 45008452<br>E-mail: <a href=\"mailto:sales@envyyachting.com\">sales@envyyachting.com<\/a><br>Telefon:&nbsp; <a href=\"tel:+4525565681\">+45 25 56 56 81<\/a><\/p>\n\n\n\n<ul id=\"pdpliste\" class=\"wp-block-list\">\n<li><\/li>\n<\/ul>\n\n\n\n<h2 class=\"wp-block-heading\">Sidens cookie-politik<\/h2>\n\n\n\n<ol class=\"wp-block-list\">\n<li><strong>Beskrivelse af en cookie.<\/strong>\n<ol class=\"wp-block-list\">\n<li>Betegnelsen cookie benyttes om en lille datafil, som vores hjemmeside gemmer p\u00e5 din computer med det form\u00e5l at kunne holde styr p\u00e5, hvad der sker under dit bes\u00f8g p\u00e5 https:\/\/createit.workdigital.dk og for at kunne genkende computeren. En cookie er ikke et program og indeholder ikke virus.<\/li>\n<\/ol>\n<\/li>\n\n\n\n<li><strong>S\u00e5dan kan du afvise og\/eller slette cookies<\/strong><ol><li><strong>Afvisning af cookies<\/strong><ol><li>Du kan altid afvise de cookies en hjemmeside \u00f8nsker at placere p\u00e5 din computer. Dette g\u00f8res ved at \u00e6ndre indstillingerne i din browser. Hvor du finder de konkrete indstillinger afh\u00e6nger af, hvilken browser du anvender. V\u00e6r dog i den forbindelse opm\u00e6rksom p\u00e5, at hvis du v\u00e6lger at slette\/afvise cookies, er der mange funktioner og services, du ikke vil kunne bruge p\u00e5 hjemmesiden, fordi de foruds\u00e6tter, at hjemmesiden kan huske de valg, du foretager, hvilket sker via de cookies hjemmesiden placerer p\u00e5 din computer.<\/li><\/ol><\/li><\/ol>\n<ol class=\"wp-block-list\">\n<li><strong>Sletning af cookies<\/strong>\n<ol class=\"wp-block-list\">\n<li>De cookies som du tidligere har accepteret, kan altid slettes. Benytter du en computer med en nyere browser, kan du slette dine cookies ved at bruge genvejstasterne: CTRL + SHIFT + Delete. P\u00e5 telefoner og tablets kan du nemt finde vejledninger online til det specifikke form\u00e5l at slette cookies.<\/li>\n<\/ol>\n<\/li>\n<\/ol>\n<\/li>\n\n\n\n<li><strong>Sp\u00f8rgsm\u00e5l og klagevejledning<\/strong>\n<ol class=\"wp-block-list\">\n<li><strong>I tilf\u00e6lde af sp\u00f8rgsm\u00e5l<\/strong>\n<ol class=\"wp-block-list\">\n<li>Hvis du har kommentarer eller sp\u00f8rgsm\u00e5l i forbindelse med vores information og\/eller behandling af personlige oplysninger, er du velkommen til at kontakte os p\u00e5 <a href=\"mailto:sales@envyyachting.com\">[<\/a>@supportworkdigital-dk<a href=\"mailto:sales@envyyachting.com\">]<\/a><\/li>\n<\/ol>\n<\/li>\n<\/ol>\n<\/li>\n\n\n\n<li><strong>S\u00e5dan kan du klage over hjemmesidens information om cookies og persondatapolitik<\/strong>\n<ol class=\"wp-block-list\">\n<li>Hvis du som bruger mener at hjemmesiden https:\/\/createit.workdigital.dk ikke overholder god cookieetik, er du berettiget til at indgive en klage.<\/li>\n\n\n\n<li>Du skal sende din klage til selskabet p\u00e5 <a href=\"mailto:mail@pausgaardautoteknik.dk\"><\/a><a href=\"mailto:sales@envyyachting.com\">[@supportworkdigital-dk]<\/a>. Klagen skal indeholde:<ul><li>Dit navn, din adresse, din e-mail, dit telefonnummer, hjemmesidens www-adresse, detaljeret beskrevet klage<\/li><\/ul>Envy Yachtings udbyder vil herefter behandle din klage inden for rimelig tid.<\/li>\n<\/ol>\n<\/li>\n<\/ol>\n\n\n\n<h2 class=\"wp-block-heading\">Sidens persondatapolitik<\/h2>\n\n\n\n<ol class=\"wp-block-list\">\n<li><strong>Generelt<\/strong>\n<ol class=\"wp-block-list\">\n<li>Denne politik om behandling af personoplysninger (&#8220;Persondatapolitik&#8221;) beskriver, hvorledes Envy Yachting (&#8220;&#8221;, &#8220;os&#8221;, &#8220;vores&#8221;, &#8220;vi&#8221;) indsamler og behandler oplysninger om dig.<\/li>\n\n\n\n<li>Persondatapolitikken g\u00e6lder for personoplysninger, som du afgiver til os, eller som vi indsamler via hjemmeside, https:\/\/createit.workdigital.dk (&#8220;Hjemmesiden&#8221;).<\/li>\n\n\n\n<li>er dataansvarlig for dine personoplysninger. Al henvendelse til skal ske via kontaktoplysningerne anf\u00f8rt under pkt. 7.<\/li>\n<\/ol>\n<\/li>\n\n\n\n<li><strong>Indsamling af dine personoplysninger<\/strong>\n<ol class=\"wp-block-list\">\n<li><strong>Hvilke personoplysninger indsamler vi og til hvilke form\u00e5l?<\/strong>\n<ol class=\"wp-block-list\">\n<li>N\u00e5r du bes\u00f8ger Hjemmesiden, indsamler vi automatisk oplysninger om dig, fx om hvilken type browser du bruger, hvilke s\u00f8getermer du bruger p\u00e5 Hjemmesiden, din IP-adresse og informationer om din computer med henblik p\u00e5 at optimere konverteringen p\u00e5 Hjemmesiden, forbedre denne og foretage m\u00e5lrettet markedsf\u00f8ring.<\/li>\n\n\n\n<li>N\u00e5r du k\u00f8ber et produkt p\u00e5 Hjemmesiden, indsamler vi oplysninger om dig, fx navn, adresse, e-mailadresse, telefonnr., oplysninger om hvilke produkter du k\u00f8ber og eventuelt har returneret med det form\u00e5l at kunne levere produkter til dig og til brug for opfyldelse af vores bogf\u00f8ringsm\u00e6ssige forpligtelser.<\/li>\n\n\n\n<li>N\u00e5r du tilmelder dig vores nyhedsbrev, afgiver du dit udtrykkelige samtykke til, at vi m\u00e5 indsamle oplysninger om dig, fx navn, adresse, e-mailadresse, telefonnr., oplysninger om, hvad du har k\u00f8bt og eventuelt returneret.<\/li>\n\n\n\n<li>Vi bruger de oplysninger, som vi indsamler i forbindelse med din tilmelding til nyhedsbrevet til at administrere tilmeldingen, til at tilbyde dig s\u00e6rlige fordele og til direkte markedsf\u00f8ring, herunder for at kunne informere dig om vores produkter og nye varer\/ydelser og til at give dig andre nyheder og informationer, som du har givet dit s\u00e6rskilte samtykke til, at vi m\u00e5 sende til dig.<\/li>\n\n\n\n<li>N\u00e5r du udfylder vores kontaktbokse, indsamler vi oplysninger om dig, fx navn, adresse, e-mailadresse, telefonnr., udfyldte kommentarer og \u00f8vrige oplysninger du har har udfyldt.<\/li>\n<\/ol>\n<\/li>\n\n\n\n<li><strong>Hvad er grundlaget for indsamlingen?<\/strong>\n<ol class=\"wp-block-list\">\n<li>Indsamlingen af oplysninger, som n\u00e6vnt i pkt. 2.1.1, er n\u00f8dvendig for, at vi kan varetage vores interesser i at forbedre funktioner p\u00e5 Hjemmesiden og opbygningen af denne samt tilbyde dig relevante tilbud.<\/li>\n\n\n\n<li>Vi bruger kun din IP-adresse til at fastl\u00e6gge din geografiske placering, hvis vi har modtaget dit s\u00e6rskilte samtykke hertil.<\/li>\n\n\n\n<li>Indsamlingen af oplysninger, som n\u00e6vnt i pkt. 2.1.2, er n\u00f8dvendig for, at vi kan opfylde vores aftale med dig.<\/li>\n\n\n\n<li>Vi indsamler kun de i pkt. 2.1.3 n\u00e6vnte oplysninger, hvis du afgiver dit udtrykkelige samtykke hertil.<\/li>\n\n\n\n<li>Indsamlingen af oplysninger, som er n\u00e6vnt i pkt. 2.1.5, er n\u00f8dvendig for, at vi kan tage kontakt og i den forbindelse har et minimum af oplysninger.<\/li>\n<\/ol>\n<\/li>\n<\/ol>\n<\/li>\n\n\n\n<li><strong>Brug af databehandlere<\/strong>\n<ol class=\"wp-block-list\">\n<li>Vi anvender eksterne virksomheder til blandt andet at foretage den tekniske drift af Hjemmesiden fx bist\u00e5r vores leverand\u00f8rer os i forbindelse med udf\u00f8relse af m\u00e5lrettet markedsf\u00f8ring, herunder til retargeting, og forbedring af Hjemmesiden samt til din bed\u00f8mmelse af vores produkter\/ydelser. Disse virksomheder er databehandlere og under vores instruks og behandler data, som vi er dataansvarlige for. Databehandlerne m\u00e5 ikke anvende dataene til andet form\u00e5l end opfyldelse af aftalen med os, og er underlagt fortrolighed om disse.<\/li>\n\n\n\n<li>En af disse databehandlere, Google Analytics v\/Google Inc, er etableret i USA. De forn\u00f8dne garantier for overf\u00f8rsel af oplysninger til USA er sikret gennem databehandlerens certificering under EU-U.S. Privacy Shield. En kopi af certificeringen kan findes <a href=\"https:\/\/www.privacyshield.gov\/participant?id=a2zt000000001L5AAI\">her<\/a>.<\/li>\n<\/ol>\n<\/li>\n\n\n\n<li><strong>Dine rettigheder<\/strong>\n<ol class=\"wp-block-list\">\n<li>Med henblik p\u00e5 at skabe \u00e5benhed omkring behandlingen af dine oplysninger skal vi, som dataansvarlig, oplyse dig om dine rettigheder.<\/li>\n\n\n\n<li><strong>Indsigtsretten<\/strong>\n<ol class=\"wp-block-list\">\n<li>Du er til enhver tid berettiget til skriftlig at anmode os om oplysning om blandt andet, hvilke oplysninger vi har registreret om dig, hvilket form\u00e5l registreringen tjener, hvilke kategorier af personoplysninger og modtagere af oplysninger der evt. m\u00e5tte v\u00e6re, samt oplysning om hvorfra oplysningerne stammer.<\/li>\n\n\n\n<li>Du har ret til at f\u00e5 udleveret en kopi af de personoplysninger, som vi behandler om dig. For udlevering af flere kopier opkr\u00e6ver vi et gebyr p\u00e5 DKK 50,00. Hvis du \u00f8nsker en kopi af dine personoplysninger, skal du sende en skriftlig anmodning til sammen med dokumentation for, at du er den p\u00e5g\u00e6ldende person.<\/li>\n<\/ol>\n<\/li>\n\n\n\n<li><strong>Retten til berigtigelse<\/strong>\n<ol class=\"wp-block-list\">\n<li>Du har ret til at f\u00e5 urigtige personoplysninger om dig selv berigtiget af os. S\u00e5fremt du bliver opm\u00e6rksom p\u00e5, at der er fejl i de oplysninger, som vi har registreret om dig, opfordres du til at rette skriftlig henvendelse til os, s\u00e5 oplysningerne kan blive korrigeret.<\/li>\n\n\n\n<li>Oplysninger, som vi har indsamlet i forbindelse med din tilmelding til vores kundeklub, har du selv mulighed for at korrigere via log-in til din brugerprofil.<\/li>\n<\/ol>\n<\/li>\n\n\n\n<li><strong>Retten til sletning<\/strong>\n<ol class=\"wp-block-list\">\n<li>I visse tilf\u00e6lde har du ret til at f\u00e5 alle eller visse af dine personoplysninger slettet af os, fx hvis du tilbagekalder dit samtykke til din tilmelding til vores kundeklub. I det omfang behandling af dine oplysninger er n\u00f8dvendige, fx for at kunne overholde vores bogf\u00f8ringsm\u00e6ssige forpligtelser, er vi ikke forpligtede til at slette dine personoplysninger.<\/li>\n<\/ol>\n<\/li>\n\n\n\n<li><strong>Retten til at begr\u00e6nse behandlingen til opbevaring<\/strong>\n<ol class=\"wp-block-list\">\n<li>Du har i visse tilf\u00e6lde ret til at f\u00e5 begr\u00e6nset behandlingen af dine personoplysninger til kun at best\u00e5 af opbevaring, fx hvis du mener, at de oplysninger, vi behandler om dig, ikke er korrekte.<\/li>\n<\/ol>\n<\/li>\n\n\n\n<li><strong>Retten til dataportabilitet<\/strong>\n<ol class=\"wp-block-list\">\n<li>Du har ret til at f\u00e5 dine personoplysninger udleveret i et struktureret, almindeligt anvendt og maskinl\u00e6sbar format og har ret til at overf\u00f8re disse oplysninger til en anden dataansvarlig, n\u00e5r vi indsamler dine personoplysninger i forbindelse med:\n<ul class=\"wp-block-list\">\n<li>at du k\u00f8ber et produkt af os, jf. pkt. 2.1.2, eller<\/li>\n\n\n\n<li>at du afgiver dit samtykke til, at vi bruger din IP-adresse til at fastl\u00e6gge din geografiske placering, jf. pkt. 2.2.2, eller<\/li>\n\n\n\n<li>at du afgiver dit samtykke til tilmelding til vores nyhedsbrev, jf. pkt. 2.1.3<\/li>\n<\/ul>\n<\/li>\n<\/ol>\n<\/li>\n\n\n\n<li><strong>Retten til indsigelse<\/strong>\n<ol class=\"wp-block-list\">\n<li>Du har til enhver tid ret til af s\u00e6rlige grunde, at g\u00f8re indsigelse mod vores behandling af dine personoplysninger, som vi indsamler til brug for at forbedre funktioner p\u00e5 Hjemmesiden og opbygningen heraf, jf. pkt. 2.1.1<\/li>\n\n\n\n<li>Du har endvidere til enhver tid ret til at g\u00f8re indsigelse mod vores behandling af dine personoplysninger, som vi behandler med henblik p\u00e5 direkte markedsf\u00f8ring, jf. pkt. 2.1<\/li>\n\n\n\n<li>Hvis du g\u00f8r indsigelse mod behandlingen, er vi ikke l\u00e6ngere berettiget til at behandle dine personoplysninger, medmindre vi kan p\u00e5vise lovlige grunde til fortsat behandling.<\/li>\n<\/ol>\n<\/li>\n\n\n\n<li><strong>Retten til at tilbagekalde samtykke<\/strong>\n<ol class=\"wp-block-list\">\n<li>Du har til enhver tid ret til at tilbagekalde dit samtykke til, at vi bruger din IP-adresse til at fastl\u00e6gge din geografiske placering, jf. pkt. 2.1.1 og dit samtykke til tilmelding til vores nyhedsbrev, jf. pkt. 2.1.3. Hvis du tilbagekalder dit samtykke, skal du v\u00e6re opm\u00e6rksom p\u00e5, at vi i visse tilf\u00e6lde kan v\u00e6re berettiget til at forts\u00e6tte behandlingen, jf. pkt. 2. I s\u00e5danne tilf\u00e6lde vil du blive orienteret herom.<\/li>\n\n\n\n<li>Hvis du \u00f8nsker at tilbagekalde dit samtykke, bedes du kontakte os p\u00e5 @supportworkdigital-dk.<\/li>\n<\/ol>\n<\/li>\n\n\n\n<li><strong>Retten til at klage<\/strong>\n<ol class=\"wp-block-list\">\n<li>Du har til enhver tid ret til at indgive en klage til Datatilsynet, Borgergade 28, 5, 1300 K\u00f8benhavn K over vores behandling af dine personoplysninger.<\/li>\n<\/ol>\n<\/li>\n<\/ol>\n<\/li>\n\n\n\n<li><strong>Sletning af persondata<\/strong>\n<ol class=\"wp-block-list\">\n<li>S\u00e5fremt du ikke g\u00f8r brug af vores Hjemmeside i en periode p\u00e5 1 \u00e5r, vil vi automatisk slette de oplysninger, som vi har registreret om dig, idet vi dog for at opfylde lovkrav, herunder krav i regnskabslovgivningen (5 \u00e5r fra udgangen af regnskabs\u00e5ret) og forbrugerlovgivningen (den 2 \u00e5rige reklamationsret), kan gemme visse personoplysninger i en l\u00e6ngere periode.<\/li>\n\n\n\n<li>Oplysninger som vi har indsamlet i forbindelse med, at du har givet dit samtykke til, at vi m\u00e5 sende dig markedsf\u00f8ring pr. e-mail, SMS og post, vil vi slette, hvis du tilbagekalder dit samtykke, medmindre vi er berettiget til at forts\u00e6tte behandlingen, jf. pkt. 2.<\/li>\n\n\n\n<li>Oplysninger som vi har indsamlet i forbindelse med din tilmelding til vores nyhedsbrev, vil vi slette, s\u00e5fremt du retter henvendelse her om. I samtlige nyhedsbreve vil du have mulighed for at respondere og derved at frav\u00e6lge din tilmelding. Ved framelding, sletter vi automatisk de data vi har indsamlet p\u00e5 dig.<\/li>\n<\/ol>\n<\/li>\n\n\n\n<li><strong>Sikkerhed<\/strong>\n<ol class=\"wp-block-list\">\n<li>Vi har gennemf\u00f8rt passende tekniske og organisatoriske sikkerhedsforanstaltninger mod, at personoplysninger h\u00e6ndeligt eller ulovligt tilintetg\u00f8res, fortabes, \u00e6ndres eller forringes samt mod, at de kommer til uvedkommendes kendskab eller misbruges.<\/li>\n\n\n\n<li>Kun medarbejdere, der har et reelt behov for at f\u00e5 adgang til dine personoplysninger for at udf\u00f8re deres arbejde, har adgang til disse.<\/li>\n<\/ol>\n<\/li>\n\n\n\n<li><strong>Kontaktoplysninger<\/strong>\n<ol class=\"wp-block-list\">\n<li>Work Digital er dataansvarlig for de persondata, som indsamles via Hjemmesiden.<\/li>\n\n\n\n<li>Hvis du har sp\u00f8rgsm\u00e5l eller bem\u00e6rkninger til denne Persondatapolitik, kan du kontakte:<br>Work Digital<br>Spettrupvej 7B<br>8722 Hedensted<br>Tlf. nr.: <a href=\"tel:+4512345678\"><\/a><a href=\"tel:+4525565681\">+45 70 60 45 02<\/a><br>E-mail: @supportworkdigital-dk<\/li>\n<\/ol>\n<\/li>\n\n\n\n<li><strong>\u00c6ndringer i persondatapolitikken<\/strong>\n<ol class=\"wp-block-list\">\n<li>Vi er til enhver tid berettiget til at foretage \u00e6ndringer i denne Persondatapolitik. S\u00e5fremt vi foretager \u00e6ndringer i Persondatapolitikken, vil du blive orienteret om dette ved dit n\u00e6ste bes\u00f8g p\u00e5 Hjemmesiden.<\/li>\n\n\n\n<li>S\u00e5fremt du ikke kan acceptere den \u00e6ndrede politik, har du ikke mulighed for at forts\u00e6tte brugen af Hjemmesiden, og dine personoplysninger kan blive slettet.<\/li>\n<\/ol>\n<\/li>\n\n\n\n<li><strong>Versioner<\/strong>\n<ol class=\"wp-block-list\">\n<li>Dette er version 2.0 af vores persondatapolitik dateret den 03.04.26<\/li>\n<\/ol>\n<\/li>\n<\/ol>\n<\/div>\n","protected":false},"excerpt":{"rendered":"<p>Denne hjemmeside er ejet af: Envy YachtingCVR: 45008452E-mail: sales@envyyachting.comTelefon:&nbsp; +45 25 56 56 81 Sidens cookie-politik Sidens persondatapolitik<\/p>","protected":false},"author":1,"featured_media":0,"parent":0,"menu_order":0,"comment_status":"closed","ping_status":"open","template":"","meta":{"_acf_changed":false,"footnotes":""},"class_list":["post-3","page","type-page","status-publish","hentry"],"acf":[],"yoast_head":"<!-- This site is optimized with the Yoast SEO plugin v26.8 - https:\/\/yoast.com\/product\/yoast-seo-wordpress\/ -->\n<title>Envy Yachting\u00b0 - Persondatapolitik<\/title>\n<meta name=\"robots\" content=\"index, follow, max-snippet:-1, max-image-preview:large, max-video-preview:-1\" \/>\n<link rel=\"canonical\" href=\"https:\/\/envyyachting.com\/en\/privacy-policy\/\" \/>\n<meta property=\"og:locale\" content=\"en_GB\" \/>\n<meta property=\"og:type\" content=\"article\" \/>\n<meta property=\"og:title\" content=\"Envy Yachting\u00b0 - Persondatapolitik\" \/>\n<meta property=\"og:description\" content=\"Denne hjemmeside er ejet af: Envy YachtingCVR: 45008452E-mail: sales@envyyachting.comTelefon:&nbsp; +45 25 56 56 81 Sidens cookie-politik Sidens persondatapolitik\" \/>\n<meta property=\"og:url\" content=\"https:\/\/envyyachting.com\/en\/privacy-policy\/\" \/>\n<meta property=\"og:site_name\" content=\"Envy Yachting\u00b0\" \/>\n<meta property=\"article:modified_time\" content=\"2026-04-03T05:55:50+00:00\" \/>\n<meta name=\"twitter:card\" content=\"summary_large_image\" \/>\n<meta name=\"twitter:label1\" content=\"Estimated reading time\" \/>\n\t<meta name=\"twitter:data1\" content=\"10 minutes\" \/>\n<script type=\"application\/ld+json\" class=\"yoast-schema-graph\">{\"@context\":\"https:\/\/schema.org\",\"@graph\":[{\"@type\":\"WebPage\",\"@id\":\"https:\/\/envyyachting.com\/privacy-policy\/\",\"url\":\"https:\/\/envyyachting.com\/privacy-policy\/\",\"name\":\"Envy Yachting\u00b0 - Persondatapolitik\",\"isPartOf\":{\"@id\":\"https:\/\/envyyachting.com\/#website\"},\"datePublished\":\"2024-04-08T13:19:10+00:00\",\"dateModified\":\"2026-04-03T05:55:50+00:00\",\"breadcrumb\":{\"@id\":\"https:\/\/envyyachting.com\/privacy-policy\/#breadcrumb\"},\"inLanguage\":\"en-GB\",\"potentialAction\":[{\"@type\":\"ReadAction\",\"target\":[\"https:\/\/envyyachting.com\/privacy-policy\/\"]}]},{\"@type\":\"BreadcrumbList\",\"@id\":\"https:\/\/envyyachting.com\/privacy-policy\/#breadcrumb\",\"itemListElement\":[{\"@type\":\"ListItem\",\"position\":1,\"name\":\"Home\",\"item\":\"https:\/\/envyyachting.com\/\"},{\"@type\":\"ListItem\",\"position\":2,\"name\":\"Persondatapolitik\"}]},{\"@type\":\"WebSite\",\"@id\":\"https:\/\/envyyachting.com\/#website\",\"url\":\"https:\/\/envyyachting.com\/\",\"name\":\"Envy Yachting\u00b0\",\"description\":\"Prestigious Yacht Brokerage\",\"potentialAction\":[{\"@type\":\"SearchAction\",\"target\":{\"@type\":\"EntryPoint\",\"urlTemplate\":\"https:\/\/envyyachting.com\/?s={search_term_string}\"},\"query-input\":{\"@type\":\"PropertyValueSpecification\",\"valueRequired\":true,\"valueName\":\"search_term_string\"}}],\"inLanguage\":\"en-GB\"}]}<\/script>\n<!-- \/ Yoast SEO plugin. -->","yoast_head_json":{"title":"Envy Yachting\u00b0 - Persondatapolitik","robots":{"index":"index","follow":"follow","max-snippet":"max-snippet:-1","max-image-preview":"max-image-preview:large","max-video-preview":"max-video-preview:-1"},"canonical":"https:\/\/envyyachting.com\/en\/privacy-policy\/","og_locale":"en_GB","og_type":"article","og_title":"Envy Yachting\u00b0 - Persondatapolitik","og_description":"Denne hjemmeside er ejet af: Envy YachtingCVR: 45008452E-mail: sales@envyyachting.comTelefon:&nbsp; +45 25 56 56 81 Sidens cookie-politik Sidens persondatapolitik","og_url":"https:\/\/envyyachting.com\/en\/privacy-policy\/","og_site_name":"Envy Yachting\u00b0","article_modified_time":"2026-04-03T05:55:50+00:00","twitter_card":"summary_large_image","twitter_misc":{"Estimated reading time":"10 minutes"},"schema":{"@context":"https:\/\/schema.org","@graph":[{"@type":"WebPage","@id":"https:\/\/envyyachting.com\/privacy-policy\/","url":"https:\/\/envyyachting.com\/privacy-policy\/","name":"Envy Yachting\u00b0 - Persondatapolitik","isPartOf":{"@id":"https:\/\/envyyachting.com\/#website"},"datePublished":"2024-04-08T13:19:10+00:00","dateModified":"2026-04-03T05:55:50+00:00","breadcrumb":{"@id":"https:\/\/envyyachting.com\/privacy-policy\/#breadcrumb"},"inLanguage":"en-GB","potentialAction":[{"@type":"ReadAction","target":["https:\/\/envyyachting.com\/privacy-policy\/"]}]},{"@type":"BreadcrumbList","@id":"https:\/\/envyyachting.com\/privacy-policy\/#breadcrumb","itemListElement":[{"@type":"ListItem","position":1,"name":"Home","item":"https:\/\/envyyachting.com\/"},{"@type":"ListItem","position":2,"name":"Persondatapolitik"}]},{"@type":"WebSite","@id":"https:\/\/envyyachting.com\/#website","url":"https:\/\/envyyachting.com\/","name":"Envy Yachting","description":"Prestigious Yacht Brokerage","potentialAction":[{"@type":"SearchAction","target":{"@type":"EntryPoint","urlTemplate":"https:\/\/envyyachting.com\/?s={search_term_string}"},"query-input":{"@type":"PropertyValueSpecification","valueRequired":true,"valueName":"search_term_string"}}],"inLanguage":"en-GB"}]}},"_links":{"self":[{"href":"https:\/\/envyyachting.com\/en\/wp-json\/wp\/v2\/pages\/3","targetHints":{"allow":["GET"]}}],"collection":[{"href":"https:\/\/envyyachting.com\/en\/wp-json\/wp\/v2\/pages"}],"about":[{"href":"https:\/\/envyyachting.com\/en\/wp-json\/wp\/v2\/types\/page"}],"author":[{"embeddable":true,"href":"https:\/\/envyyachting.com\/en\/wp-json\/wp\/v2\/users\/1"}],"replies":[{"embeddable":true,"href":"https:\/\/envyyachting.com\/en\/wp-json\/wp\/v2\/comments?post=3"}],"version-history":[{"count":11,"href":"https:\/\/envyyachting.com\/en\/wp-json\/wp\/v2\/pages\/3\/revisions"}],"predecessor-version":[{"id":11021,"href":"https:\/\/envyyachting.com\/en\/wp-json\/wp\/v2\/pages\/3\/revisions\/11021"}],"wp:attachment":[{"href":"https:\/\/envyyachting.com\/en\/wp-json\/wp\/v2\/media?parent=3"}],"curies":[{"name":"wp","href":"https:\/\/api.w.org\/{rel}","templated":true}]}}